{"id":180,"date":"2025-11-12T21:52:09","date_gmt":"2025-11-12T20:52:09","guid":{"rendered":"https:\/\/eros4me.de\/?page_id=180"},"modified":"2025-11-21T12:46:37","modified_gmt":"2025-11-21T11:46:37","slug":"oeffnungszeiten","status":"publish","type":"page","link":"https:\/\/eros4me.de\/index.php\/oeffnungszeiten\/","title":{"rendered":"\u00d6ffnungszeiten"},"content":{"rendered":"\n<p class=\"has-text-align-left\">Montag &#8211; Freitag 10:00 &#8211; 18:00<br>Samstag 10:00 &#8211; 16:00<br><br>\u201eWir m\u00f6chten, dass Ihr Einkaufserlebnis bei uns so angenehm und einzigartig wie m\u00f6glich ist. Deshalb bieten wir Ihnen einen ganz besonderen Service an:<\/p>\n\n\n\n<p class=\"has-text-align-left\"><strong>Buchen Sie Ihren pers\u00f6nlichen &#8218;Private Shopping&#8216;-Termin.<\/strong><\/p>\n\n\n\n<p class=\"has-text-align-left\">In dieser Zeit schlie\u00dfen wir unsere T\u00fcren f\u00fcr den regul\u00e4ren Publikumsverkehr, sodass das gesamte Gesch\u00e4ft Ihnen allein zur Verf\u00fcgung steht. Genie\u00dfen Sie den Luxus absoluter Ruhe, ohne Wartezeiten oder andere Kunden im Hintergrund. In dieser exklusiven Atmosph\u00e4re k\u00f6nnen wir uns voll und ganz auf Ihre W\u00fcnsche konzentrieren, Sie umfassend beraten und gemeinsam mit Ihnen genau das finden, was Sie suchen \u2013 vollkommen ungest\u00f6rt und ganz in Ihrem eigenen Tempo.\u201c<\/p>\n\n\n\n<hr class=\"wp-block-separator has-alpha-channel-opacity\"\/>\n\n\n\n<p><\/p>\n","protected":false},"excerpt":{"rendered":"<p>Montag &#8211; Freitag 10:00 &#8211; 18:00Samstag 10:00 &#8211; 16:00 \u201eWir m\u00f6chten, dass Ihr Einkaufserlebnis bei uns so angenehm und einzigartig wie m\u00f6glich ist. Deshalb bieten wir Ihnen einen ganz besonderen Service an: Buchen Sie Ihren pers\u00f6nlichen &#8218;Private Shopping&#8216;-Termin. In dieser Zeit schlie\u00dfen wir unsere T\u00fcren f\u00fcr den regul\u00e4ren Publikumsverkehr, sodass das gesamte Gesch\u00e4ft Ihnen allein<\/p>\n<div class=\"more-link\">\n\t\t\t\t <a href=\"https:\/\/eros4me.de\/index.php\/oeffnungszeiten\/\" class=\"btn theme-btn\"><span>Weiterlesen <\/span><\/a>\n\t\t\t<\/div>\n","protected":false},"author":1,"featured_media":0,"parent":0,"menu_order":0,"comment_status":"closed","ping_status":"closed","template":"","meta":{"pgc_sgb_lightbox_settings":"","footnotes":""},"class_list":["post-180","page","type-page","status-publish","hentry"],"yoast_head":"<!-- This site is optimized with the Yoast SEO plugin v25.9 - https:\/\/yoast.com\/wordpress\/plugins\/seo\/ -->\n<title>\u00d6ffnungszeiten - Eros4Me<\/title>\n<meta name=\"robots\" content=\"index, follow, max-snippet:-1, max-image-preview:large, max-video-preview:-1\" \/>\n<link rel=\"canonical\" href=\"https:\/\/eros4me.de\/index.php\/oeffnungszeiten\/\" \/>\n<meta property=\"og:locale\" content=\"de_DE\" \/>\n<meta property=\"og:type\" content=\"article\" \/>\n<meta property=\"og:title\" content=\"\u00d6ffnungszeiten - Eros4Me\" \/>\n<meta property=\"og:description\" content=\"Montag &#8211; Freitag 10:00 &#8211; 18:00Samstag 10:00 &#8211; 16:00 \u201eWir m\u00f6chten, dass Ihr Einkaufserlebnis bei uns so angenehm und einzigartig wie m\u00f6glich ist. Deshalb bieten wir Ihnen einen ganz besonderen Service an: Buchen Sie Ihren pers\u00f6nlichen &#8218;Private Shopping&#8216;-Termin. In dieser Zeit schlie\u00dfen wir unsere T\u00fcren f\u00fcr den regul\u00e4ren Publikumsverkehr, sodass das gesamte Gesch\u00e4ft Ihnen allein    Weiterlesen\" \/>\n<meta property=\"og:url\" content=\"https:\/\/eros4me.de\/index.php\/oeffnungszeiten\/\" \/>\n<meta property=\"og:site_name\" content=\"Eros4Me\" \/>\n<meta property=\"article:publisher\" content=\"https:\/\/www.facebook.com\/p\/Eros4Me-The-Erotic-Shop-100063698484676\/\" \/>\n<meta property=\"article:modified_time\" content=\"2025-11-21T11:46:37+00:00\" \/>\n<meta name=\"twitter:card\" content=\"summary_large_image\" \/>\n<meta name=\"twitter:label1\" content=\"Gesch\u00e4tzte Lesezeit\" \/>\n\t<meta name=\"twitter:data1\" content=\"1\u00a0Minute\" \/>\n<script type=\"application\/ld+json\" class=\"yoast-schema-graph\">{\"@context\":\"https:\/\/schema.org\",\"@graph\":[{\"@type\":\"WebPage\",\"@id\":\"https:\/\/eros4me.de\/index.php\/oeffnungszeiten\/\",\"url\":\"https:\/\/eros4me.de\/index.php\/oeffnungszeiten\/\",\"name\":\"\u00d6ffnungszeiten - Eros4Me\",\"isPartOf\":{\"@id\":\"https:\/\/eros4me.de\/#website\"},\"datePublished\":\"2025-11-12T20:52:09+00:00\",\"dateModified\":\"2025-11-21T11:46:37+00:00\",\"breadcrumb\":{\"@id\":\"https:\/\/eros4me.de\/index.php\/oeffnungszeiten\/#breadcrumb\"},\"inLanguage\":\"de\",\"potentialAction\":[{\"@type\":\"ReadAction\",\"target\":[\"https:\/\/eros4me.de\/index.php\/oeffnungszeiten\/\"]}]},{\"@type\":\"BreadcrumbList\",\"@id\":\"https:\/\/eros4me.de\/index.php\/oeffnungszeiten\/#breadcrumb\",\"itemListElement\":[{\"@type\":\"ListItem\",\"position\":1,\"name\":\"Startseite\",\"item\":\"https:\/\/eros4me.de\/\"},{\"@type\":\"ListItem\",\"position\":2,\"name\":\"\u00d6ffnungszeiten\"}]},{\"@type\":\"WebSite\",\"@id\":\"https:\/\/eros4me.de\/#website\",\"url\":\"https:\/\/eros4me.de\/\",\"name\":\"Eros4Me\",\"description\":\"The Erotic Shop \ud83d\udc9d\",\"publisher\":{\"@id\":\"https:\/\/eros4me.de\/#organization\"},\"potentialAction\":[{\"@type\":\"SearchAction\",\"target\":{\"@type\":\"EntryPoint\",\"urlTemplate\":\"https:\/\/eros4me.de\/?s={search_term_string}\"},\"query-input\":{\"@type\":\"PropertyValueSpecification\",\"valueRequired\":true,\"valueName\":\"search_term_string\"}}],\"inLanguage\":\"de\"},{\"@type\":\"Organization\",\"@id\":\"https:\/\/eros4me.de\/#organization\",\"name\":\"Eros4Me \ud83d\udc9d\",\"url\":\"https:\/\/eros4me.de\/\",\"logo\":{\"@type\":\"ImageObject\",\"inLanguage\":\"de\",\"@id\":\"https:\/\/eros4me.de\/#\/schema\/logo\/image\/\",\"url\":\"https:\/\/eros4me.de\/wp-content\/uploads\/2025\/06\/valiligosmall-1.png\",\"contentUrl\":\"https:\/\/eros4me.de\/wp-content\/uploads\/2025\/06\/valiligosmall-1.png\",\"width\":1000,\"height\":580,\"caption\":\"Eros4Me \ud83d\udc9d\"},\"image\":{\"@id\":\"https:\/\/eros4me.de\/#\/schema\/logo\/image\/\"},\"sameAs\":[\"https:\/\/www.facebook.com\/p\/Eros4Me-The-Erotic-Shop-100063698484676\/\",\"https:\/\/www.instagram.com\/eros4me1\/\"]}]}<\/script>\n<!-- \/ Yoast SEO plugin. -->","yoast_head_json":{"title":"\u00d6ffnungszeiten - Eros4Me","robots":{"index":"index","follow":"follow","max-snippet":"max-snippet:-1","max-image-preview":"max-image-preview:large","max-video-preview":"max-video-preview:-1"},"canonical":"https:\/\/eros4me.de\/index.php\/oeffnungszeiten\/","og_locale":"de_DE","og_type":"article","og_title":"\u00d6ffnungszeiten - Eros4Me","og_description":"Montag &#8211; Freitag 10:00 &#8211; 18:00Samstag 10:00 &#8211; 16:00 \u201eWir m\u00f6chten, dass Ihr Einkaufserlebnis bei uns so angenehm und einzigartig wie m\u00f6glich ist. Deshalb bieten wir Ihnen einen ganz besonderen Service an: Buchen Sie Ihren pers\u00f6nlichen &#8218;Private Shopping&#8216;-Termin. In dieser Zeit schlie\u00dfen wir unsere T\u00fcren f\u00fcr den regul\u00e4ren Publikumsverkehr, sodass das gesamte Gesch\u00e4ft Ihnen allein    Weiterlesen","og_url":"https:\/\/eros4me.de\/index.php\/oeffnungszeiten\/","og_site_name":"Eros4Me","article_publisher":"https:\/\/www.facebook.com\/p\/Eros4Me-The-Erotic-Shop-100063698484676\/","article_modified_time":"2025-11-21T11:46:37+00:00","twitter_card":"summary_large_image","twitter_misc":{"Gesch\u00e4tzte Lesezeit":"1\u00a0Minute"},"schema":{"@context":"https:\/\/schema.org","@graph":[{"@type":"WebPage","@id":"https:\/\/eros4me.de\/index.php\/oeffnungszeiten\/","url":"https:\/\/eros4me.de\/index.php\/oeffnungszeiten\/","name":"\u00d6ffnungszeiten - Eros4Me","isPartOf":{"@id":"https:\/\/eros4me.de\/#website"},"datePublished":"2025-11-12T20:52:09+00:00","dateModified":"2025-11-21T11:46:37+00:00","breadcrumb":{"@id":"https:\/\/eros4me.de\/index.php\/oeffnungszeiten\/#breadcrumb"},"inLanguage":"de","potentialAction":[{"@type":"ReadAction","target":["https:\/\/eros4me.de\/index.php\/oeffnungszeiten\/"]}]},{"@type":"BreadcrumbList","@id":"https:\/\/eros4me.de\/index.php\/oeffnungszeiten\/#breadcrumb","itemListElement":[{"@type":"ListItem","position":1,"name":"Startseite","item":"https:\/\/eros4me.de\/"},{"@type":"ListItem","position":2,"name":"\u00d6ffnungszeiten"}]},{"@type":"WebSite","@id":"https:\/\/eros4me.de\/#website","url":"https:\/\/eros4me.de\/","name":"Eros4Me","description":"The Erotic Shop \ud83d\udc9d","publisher":{"@id":"https:\/\/eros4me.de\/#organization"},"potentialAction":[{"@type":"SearchAction","target":{"@type":"EntryPoint","urlTemplate":"https:\/\/eros4me.de\/?s={search_term_string}"},"query-input":{"@type":"PropertyValueSpecification","valueRequired":true,"valueName":"search_term_string"}}],"inLanguage":"de"},{"@type":"Organization","@id":"https:\/\/eros4me.de\/#organization","name":"Eros4Me \ud83d\udc9d","url":"https:\/\/eros4me.de\/","logo":{"@type":"ImageObject","inLanguage":"de","@id":"https:\/\/eros4me.de\/#\/schema\/logo\/image\/","url":"https:\/\/eros4me.de\/wp-content\/uploads\/2025\/06\/valiligosmall-1.png","contentUrl":"https:\/\/eros4me.de\/wp-content\/uploads\/2025\/06\/valiligosmall-1.png","width":1000,"height":580,"caption":"Eros4Me \ud83d\udc9d"},"image":{"@id":"https:\/\/eros4me.de\/#\/schema\/logo\/image\/"},"sameAs":["https:\/\/www.facebook.com\/p\/Eros4Me-The-Erotic-Shop-100063698484676\/","https:\/\/www.instagram.com\/eros4me1\/"]}]}},"_links":{"self":[{"href":"https:\/\/eros4me.de\/index.php\/wp-json\/wp\/v2\/pages\/180","targetHints":{"allow":["GET"]}}],"collection":[{"href":"https:\/\/eros4me.de\/index.php\/wp-json\/wp\/v2\/pages"}],"about":[{"href":"https:\/\/eros4me.de\/index.php\/wp-json\/wp\/v2\/types\/page"}],"author":[{"embeddable":true,"href":"https:\/\/eros4me.de\/index.php\/wp-json\/wp\/v2\/users\/1"}],"replies":[{"embeddable":true,"href":"https:\/\/eros4me.de\/index.php\/wp-json\/wp\/v2\/comments?post=180"}],"version-history":[{"count":4,"href":"https:\/\/eros4me.de\/index.php\/wp-json\/wp\/v2\/pages\/180\/revisions"}],"predecessor-version":[{"id":188,"href":"https:\/\/eros4me.de\/index.php\/wp-json\/wp\/v2\/pages\/180\/revisions\/188"}],"wp:attachment":[{"href":"https:\/\/eros4me.de\/index.php\/wp-json\/wp\/v2\/media?parent=180"}],"curies":[{"name":"wp","href":"https:\/\/api.w.org\/{rel}","templated":true}]}}